{"id":17345,"date":"2025-12-26T10:26:52","date_gmt":"2025-12-26T10:26:52","guid":{"rendered":"http:\/\/learn-with-ipek.local\/?page_id=17345"},"modified":"2025-12-26T10:37:36","modified_gmt":"2025-12-26T10:37:36","slug":"refund_returns","status":"publish","type":"page","link":"https:\/\/www.turkishwithipek.com\/tr\/refund_returns\/","title":{"rendered":"\u0130ptal ve \u0130ade Politikas\u0131"},"content":{"rendered":"<h2 class=\"wp-block-heading\"><strong>\u0130ptal ve \u0130ade Politikas\u0131<\/strong><\/h2>\n\n\n\n<ol class=\"wp-block-list\">\n<li class=\"translation-block\"><strong>Hizmetin Niteli\u011fi:<\/strong><br>turkishwithipek.com \u00fczerinden sat\u0131n al\u0131nan hizmetler, dijital ortamda (\u00f6rn. Zoom arac\u0131l\u0131\u011f\u0131yla) sunulan canl\u0131 e\u011fitim hizmetlerinden olu\u015fmaktad\u0131r.<\/li>\n\n\n\n<li class=\"translation-block\"><strong>Cayma Hakk\u0131:<\/strong><br>6502 say\u0131l\u0131 T\u00fcketicinin Korunmas\u0131 Hakk\u0131nda Kanun ve Mesafeli S\u00f6zle\u015fmeler Y\u00f6netmeli\u011fi uyar\u0131nca, \u201celektronik ortamda an\u0131nda ifa edilen\u201d hizmetler ile \u201ct\u00fcketicinin r\u0131zas\u0131 ile ifa edilmeye ba\u015flanan\u201d hizmetler cayma hakk\u0131ndan muaft\u0131r.<\/li>\n\n\n\n<li><strong>\u0130ade Ko\u015fullar\u0131:<\/strong><\/li>\n<\/ol>\n\n\n\n<ul class=\"wp-block-list\">\n<li>Sat\u0131n al\u0131nan ders paketinin kullan\u0131lmam\u0131\u015f olmas\u0131 (yani ilk ders randevusunun ger\u00e7ekle\u015fmemi\u015f olmas\u0131) durumunda, sat\u0131n alma tarihinden itibaren 14 g\u00fcn i\u00e7erisinde \u00fccretin tamam\u0131n\u0131n iadesi talep edilebilir.<\/li>\n\n\n\n<li>Ders saati belirlenmi\u015fse ve \u00f6\u011frenci derse kat\u0131lmam\u0131\u015fsa o ders teslim edilmi\u015f say\u0131l\u0131r ve \u00fccret iadesi yap\u0131lmaz.<\/li>\n\n\n\n<li>\u00d6\u011fretim eleman\u0131ndan kaynaklanan teknik sorunlar (\u00f6rn. internet ba\u011flant\u0131s\u0131 sorunlar\u0131) nedeniyle yap\u0131lamayan dersler yeniden planlanacakt\u0131r. Ders de\u011fi\u015fikli\u011finin m\u00fcmk\u00fcn olmamas\u0131 durumunda ilgili dersin \u00fccreti iade edilecektir.<\/li>\n<\/ul>","protected":false},"excerpt":{"rendered":"<p>\u0130ptal ve \u0130ade Politikas\u0131<\/p>","protected":false},"author":1,"featured_media":0,"parent":0,"menu_order":0,"comment_status":"closed","ping_status":"closed","template":"","meta":{"footnotes":""},"class_list":["post-17345","page","type-page","status-publish","hentry"],"_links":{"self":[{"href":"https:\/\/www.turkishwithipek.com\/tr\/wp-json\/wp\/v2\/pages\/17345","targetHints":{"allow":["GET"]}}],"collection":[{"href":"https:\/\/www.turkishwithipek.com\/tr\/wp-json\/wp\/v2\/pages"}],"about":[{"href":"https:\/\/www.turkishwithipek.com\/tr\/wp-json\/wp\/v2\/types\/page"}],"author":[{"embeddable":true,"href":"https:\/\/www.turkishwithipek.com\/tr\/wp-json\/wp\/v2\/users\/1"}],"replies":[{"embeddable":true,"href":"https:\/\/www.turkishwithipek.com\/tr\/wp-json\/wp\/v2\/comments?post=17345"}],"version-history":[{"count":2,"href":"https:\/\/www.turkishwithipek.com\/tr\/wp-json\/wp\/v2\/pages\/17345\/revisions"}],"predecessor-version":[{"id":23793,"href":"https:\/\/www.turkishwithipek.com\/tr\/wp-json\/wp\/v2\/pages\/17345\/revisions\/23793"}],"wp:attachment":[{"href":"https:\/\/www.turkishwithipek.com\/tr\/wp-json\/wp\/v2\/media?parent=17345"}],"curies":[{"name":"wp","href":"https:\/\/api.w.org\/{rel}","templated":true}]}}