{"id":23790,"date":"2025-12-26T10:33:10","date_gmt":"2025-12-26T10:33:10","guid":{"rendered":"https:\/\/www.turkishwithipek.com\/?page_id=23790"},"modified":"2025-12-26T10:36:27","modified_gmt":"2025-12-26T10:36:27","slug":"kvkk-privacy-notice","status":"publish","type":"page","link":"https:\/\/www.turkishwithipek.com\/tr\/kvkk-privacy-notice\/","title":{"rendered":"KVKK Politikas\u0131"},"content":{"rendered":"<h2 class=\"wp-block-heading\"><strong>KVKK Politikas\u0131<\/strong><\/h2>\n\n\n\n<p>Veri Sorumlusu olarak turkishwithipek.com, ki\u015fisel verilerinizi (Ad, Soyad, \u0130leti\u015fim Bilgileri, \u00d6deme Bilgileri) a\u015fa\u011f\u0131daki ama\u00e7larla i\u015flemektedir:<\/p>\n\n\n\n<ul class=\"wp-block-list\">\n<li>E\u011fitim hizmetlerinin sa\u011flanmas\u0131 ve ders randevular\u0131n\u0131n planlanmas\u0131.<\/li>\n\n\n\n<li>Faturalama ve yasal y\u00fck\u00fcml\u00fcl\u00fcklerin yerine getirilmesi.<\/li>\n\n\n\n<li>iyzico arac\u0131l\u0131\u011f\u0131yla \u00f6deme i\u015flemlerinin g\u00fcvenli bir \u015fekilde ger\u00e7ekle\u015ftirilmesi.<\/li>\n<\/ul>\n\n\n\n<p>Ki\u015fisel verileriniz reklam ama\u00e7l\u0131 olarak \u00fc\u00e7\u00fcnc\u00fc taraflara sat\u0131lmaz. Yaln\u0131zca yasal y\u00fck\u00fcml\u00fcl\u00fckler ve hizmetin yerine getirilmesi kapsam\u0131nda (\u00f6rne\u011fin iyzico ve Zoom platformlar\u0131) payla\u015f\u0131l\u0131r.<\/p>","protected":false},"excerpt":{"rendered":"<p>KVKK Privacy Notice As the Data Controller, turkishwithipek.com processes your personal data (Name, Surname, Contact Information, Payment Information) for the following purposes: Your personal data is not sold to third&hellip;<\/p>","protected":false},"author":1,"featured_media":0,"parent":0,"menu_order":0,"comment_status":"closed","ping_status":"closed","template":"","meta":{"footnotes":""},"class_list":["post-23790","page","type-page","status-publish","hentry"],"_links":{"self":[{"href":"https:\/\/www.turkishwithipek.com\/tr\/wp-json\/wp\/v2\/pages\/23790","targetHints":{"allow":["GET"]}}],"collection":[{"href":"https:\/\/www.turkishwithipek.com\/tr\/wp-json\/wp\/v2\/pages"}],"about":[{"href":"https:\/\/www.turkishwithipek.com\/tr\/wp-json\/wp\/v2\/types\/page"}],"author":[{"embeddable":true,"href":"https:\/\/www.turkishwithipek.com\/tr\/wp-json\/wp\/v2\/users\/1"}],"replies":[{"embeddable":true,"href":"https:\/\/www.turkishwithipek.com\/tr\/wp-json\/wp\/v2\/comments?post=23790"}],"version-history":[{"count":2,"href":"https:\/\/www.turkishwithipek.com\/tr\/wp-json\/wp\/v2\/pages\/23790\/revisions"}],"predecessor-version":[{"id":23792,"href":"https:\/\/www.turkishwithipek.com\/tr\/wp-json\/wp\/v2\/pages\/23790\/revisions\/23792"}],"wp:attachment":[{"href":"https:\/\/www.turkishwithipek.com\/tr\/wp-json\/wp\/v2\/media?parent=23790"}],"curies":[{"name":"wp","href":"https:\/\/api.w.org\/{rel}","templated":true}]}}