{"id":23584,"date":"2025-12-21T06:16:51","date_gmt":"2025-12-21T06:16:51","guid":{"rendered":"https:\/\/www.turkishwithipek.com\/?post_type=product&#038;p=23584"},"modified":"2026-03-07T22:05:42","modified_gmt":"2026-03-07T19:05:42","slug":"4-hour-online-one-on-one-training-package","status":"publish","type":"product","link":"https:\/\/www.turkishwithipek.com\/tr\/urun\/4-hour-online-one-on-one-training-package\/","title":{"rendered":"4 Saatlik \u00c7evrimi\u00e7i Birebir E\u011fitim Paketi"},"content":{"rendered":"<p class=\"p1\">Bir d\u00f6n\u00fc\u015f\u00fcme imza atmaya haz\u0131r m\u0131s\u0131n\u0131z? \u00c7ok saatlik paketlerimiz tutarl\u0131l\u0131\u011fa ve yap\u0131land\u0131r\u0131lm\u0131\u015f ilerlemeye de\u011fer veren \u00f6\u011frenciler i\u00e7in tasarlanm\u0131\u015ft\u0131r. Biz sadece T\u00fcrk\u00e7e \u00f6\u011fretmiyoruz; bunu \u201cya\u015faman\u0131z\u0131\u201d sa\u011fl\u0131yoruz. Ana dili \u00f6\u011fretmeniniz, telaffuzunuzu d\u00fczeltmekten karma\u015f\u0131k c\u00fcmleler kurmaya kadar her ad\u0131mda size rehberlik edecek ve T\u00fcrkiye'deki herhangi bir sosyal veya profesyonel ortamda kendinizi \u00f6zg\u00fcrce ifade etme g\u00fcvenini kazanman\u0131z\u0131 sa\u011flayacakt\u0131r.<\/p>\n<p class=\"p1 translation-block\"><b>Ki\u015fisel Ev \u00d6devi Takip Sistemimiz <\/b> ve ayr\u0131nt\u0131l\u0131 <b>\u0130lerleme Raporlar\u0131<\/b> ile geli\u015fiminizi ger\u00e7ek zamanl\u0131 olarak g\u00f6receksiniz. \u0130ster T\u00fcrk\u00e7e Yeterlilik S\u0131nav\u0131na (TYS) haz\u0131rlan\u0131rken, ister \u00fcniversite hayat\u0131na haz\u0131rlan\u0131rken bu oturumlar en g\u00fc\u00e7l\u00fc arac\u0131n\u0131zd\u0131r.<\/p>\n<p class=\"p1\"><b>Bu kurs kimin i\u00e7in? <\/b><b><\/b><\/p>\n<p class=\"p1 translation-block\"><span class=\"s1\">\u25cf <\/span><b>Hedef Odakl\u0131 \u00d6\u011frenciler: <\/b>Akademik veya profesyonel hamlelere haz\u0131rlananlar.<\/p>\n<p class=\"p1 translation-block\"><span class=\"s1\">\u25cf <\/span><b>Dil Merakl\u0131lar\u0131: <\/b>Uzun vadeli geli\u015fim i\u00e7in \u00f6zel bir dan\u0131\u015fman isteyen \u00f6\u011frenciler.<\/p>\n<p class=\"p1 translation-block\"><span class=\"s1\">\u25cf <\/span><b>Dil Merakl\u0131lar\u0131: <\/b>Uzun vadeli geli\u015fim i\u00e7in \u00f6zel bir dan\u0131\u015fman isteyen \u00f6\u011frenciler.<\/p>\n<div class=\"elementor-column elementor-col-66 elementor-top-column elementor-element elementor-element-31ed682 sc_content_align_inherit sc_layouts_column_icons_position_left sc_fly_static trx_addons_parallax_layers_inited trx_addons_parallax_blocks_inited\" data-id=\"31ed682\" data-element_type=\"column\" data-e-type=\"column\">\n<div class=\"elementor-widget-wrap elementor-element-populated\">\n<div class=\"elementor-element elementor-element-d450740 sc_fly_static elementor-widget elementor-widget-wl-single-product-description trx_addons_parallax_layers_inited trx_addons_parallax_blocks_inited\" data-id=\"d450740\" data-element_type=\"widget\" data-e-type=\"widget\" data-widget_type=\"wl-single-product-description.default\">\n<div class=\"elementor-widget-container\">\n<div class=\"woocommerce_product_description\">\n<p>**Ders saatlerinde \u0130stanbul yerel saati (GMT+3) esas al\u0131nmaktad\u0131r.<\/p>\n<\/div>\n<\/div>\n<\/div>\n<\/div>\n<\/div>\n<div class=\"elementor-column elementor-col-33 elementor-top-column elementor-element elementor-element-a8f4ecd sc_content_align_inherit sc_layouts_column_icons_position_left sc_fly_static trx_addons_parallax_layers_inited trx_addons_parallax_blocks_inited\" data-id=\"a8f4ecd\" data-element_type=\"column\" data-e-type=\"column\">\n<div class=\"elementor-widget-wrap elementor-element-populated\">\n<div class=\"elementor-element elementor-element-4c506e3 sc_fly_static elementor-widget elementor-widget-wl-single-product-short-description trx_addons_parallax_layers_inited trx_addons_parallax_blocks_inited\" data-id=\"4c506e3\" data-element_type=\"widget\" data-e-type=\"widget\" data-widget_type=\"wl-single-product-short-description.default\">\n<div class=\"elementor-widget-container\">\n<div class=\"woocommerce-product-details__short-description\"><\/div>\n<\/div>\n<\/div>\n<\/div>\n<\/div>","protected":false},"excerpt":{"rendered":"<ul>\n<li class=\"p2 translation-block\"><b>S\u00fcre:  <\/b>Ders ba\u015f\u0131na 50 Dakika.<\/li>\n<li class=\"p2 translation-block\"><b>Yap\u0131:<\/b> \u0130lerleme Raporlar\u0131yla 1'e 1 Ki\u015fiselle\u015ftirilmi\u015f E\u011fitim.<\/li>\n<li class=\"p2 translation-block\"><b>Zamanlama: <\/b>Ya\u015fam tarz\u0131n\u0131za uyacak esnek planlama.<\/li>\n<li class=\"p2 translation-block\"><b>Platform: <\/b>Zoom arac\u0131l\u0131\u011f\u0131yla HD Kalitesinde dersler.<\/li>\n<li class=\"p2 translation-block\"><b>Etkile\u015fimli Ara\u00e7lar: <\/b>\u00c7evrimi\u00e7i oyunlar ve \u00f6zel dijital materyaller.<\/li>\n<li class=\"p2 translation-block\"><b>\u0130ptal Politikas\u0131: <\/b>Yeniden planlama i\u00e7in 6 saatlik bildirim gereklidir.<\/li>\n<li class=\"p2 translation-block\"><b>Ge\u00e7erlilik: <\/b>30 g\u00fcn (4-12 saatlik paketler) \/ 60 g\u00fcn (20 saatlik paketler).<\/li>\n<li class=\"p2 translation-block\"><b>Teklifler:<\/b> Nakit \u00f6demelerde ek indirim!<\/li>\n<li class=\"p2 translation-block\"><b>BONUS:<\/b><span style=\"font-weight: 400\"> E\u011fitimden \u00f6nce 20 dakikal\u0131k \u00fccretsiz seviye de\u011ferlendirme g\u00f6r\u00fc\u015fmesi. (\u00d6\u011frencinin temel seviyede olmas\u0131 halinde de\u011ferlendirme g\u00f6r\u00fc\u015fmesi yap\u0131lmayacakt\u0131r.)<\/span><\/li>\n<\/ul>","protected":false},"featured_media":23821,"comment_status":"closed","ping_status":"closed","template":"","meta":[],"product_brand":[],"product_cat":[72],"product_tag":[],"class_list":{"0":"post-23584","1":"product","2":"type-product","3":"status-publish","4":"has-post-thumbnail","6":"product_cat-individual-private-lesson-packages","8":"first","9":"instock","10":"sale","11":"taxable","12":"shipping-taxable","13":"purchasable","14":"product-type-simple"},"_links":{"self":[{"href":"https:\/\/www.turkishwithipek.com\/tr\/wp-json\/wp\/v2\/product\/23584","targetHints":{"allow":["GET"]}}],"collection":[{"href":"https:\/\/www.turkishwithipek.com\/tr\/wp-json\/wp\/v2\/product"}],"about":[{"href":"https:\/\/www.turkishwithipek.com\/tr\/wp-json\/wp\/v2\/types\/product"}],"replies":[{"embeddable":true,"href":"https:\/\/www.turkishwithipek.com\/tr\/wp-json\/wp\/v2\/comments?post=23584"}],"version-history":[{"count":10,"href":"https:\/\/www.turkishwithipek.com\/tr\/wp-json\/wp\/v2\/product\/23584\/revisions"}],"predecessor-version":[{"id":24149,"href":"https:\/\/www.turkishwithipek.com\/tr\/wp-json\/wp\/v2\/product\/23584\/revisions\/24149"}],"wp:featuredmedia":[{"embeddable":true,"href":"https:\/\/www.turkishwithipek.com\/tr\/wp-json\/wp\/v2\/media\/23821"}],"wp:attachment":[{"href":"https:\/\/www.turkishwithipek.com\/tr\/wp-json\/wp\/v2\/media?parent=23584"}],"wp:term":[{"taxonomy":"product_brand","embeddable":true,"href":"https:\/\/www.turkishwithipek.com\/tr\/wp-json\/wp\/v2\/product_brand?post=23584"},{"taxonomy":"product_cat","embeddable":true,"href":"https:\/\/www.turkishwithipek.com\/tr\/wp-json\/wp\/v2\/product_cat?post=23584"},{"taxonomy":"product_tag","embeddable":true,"href":"https:\/\/www.turkishwithipek.com\/tr\/wp-json\/wp\/v2\/product_tag?post=23584"}],"curies":[{"name":"wp","href":"https:\/\/api.w.org\/{rel}","templated":true}]}}