{"id":23667,"date":"2025-12-23T19:37:49","date_gmt":"2025-12-23T19:37:49","guid":{"rendered":"https:\/\/www.turkishwithipek.com\/?post_type=product&#038;p=23667"},"modified":"2026-03-24T23:06:09","modified_gmt":"2026-03-24T20:06:09","slug":"b1-b2-whatsapp-turkish-support-group","status":"publish","type":"product","link":"https:\/\/www.turkishwithipek.com\/tr\/urun\/b1-b2-whatsapp-turkish-support-group\/","title":{"rendered":"B1-B2 WhatsApp T\u00fcrk\u00e7e Destek Grubu (1 Ayl\u0131k Abonelik + 1 Ay \u00dccretsiz)"},"content":{"rendered":"<p class=\"p1\"><b>T\u00fcrk K\u00fclt\u00fcr\u00fcyle G\u00fcnl\u00fck Ba\u011flant\u0131n\u0131z <\/b><\/p>\n<p class=\"p1\">Neden bir sonraki dersinizi bekleyesiniz ki? WhatsApp Destek Gruplar\u0131m\u0131z, T\u00fcrk\u00e7eyi g\u00fcnl\u00fck hayat\u0131n\u0131z\u0131n bir par\u00e7as\u0131 haline getiriyor. Bu, hi\u00e7bir zaman yaln\u0131z kalmayaca\u011f\u0131n\u0131z 1 ayl\u0131k yo\u011fun bir dil \u00f6\u011frenme deneyimi. Her hafta yeni bir tema, temaya \u00f6zel kelime da\u011farc\u0131\u011f\u0131 ve temaya \u00f6zel okuma ve dinleme al\u0131\u015ft\u0131rmalar\u0131.<\/p>\n<p class=\"p1\">Bu sadece bir sohbet de\u011fil; her hafta Cumartesi g\u00fcn\u00fc bir bilgi yar\u0131\u015fmas\u0131yla sonland\u0131rd\u0131\u011f\u0131m\u0131z ve ilerlemenizi sa\u011flad\u0131\u011f\u0131m\u0131z bir topluluk. Bu, modern ve me\u015fgul \u00f6\u011frenciler i\u00e7in en \u00fcst d\u00fczey \"mikro \u00f6\u011frenme\" arac\u0131d\u0131r.<\/p>\n<p class=\"p1\"><b>Bu kurs kimin i\u00e7in? <\/b><b><\/b><\/p>\n<p class=\"p1 translation-block\"><span class=\"s1\">\u25cf<\/span><b>G\u00fcnl\u00fck Hayat\u0131 \u00d6\u011frenenler:<\/b> T\u00fcrk\u00e7e ile her g\u00fcn etkile\u015fimde bulunmak isteyenler.<\/p>\n<p class=\"p1 translation-block\"><span class=\"s1\">\u25cf<\/span><b>Topluluk Arayanlar: <\/b>Ba\u015fkalar\u0131yla birlikte \u00f6\u011frenmekten motive olan \u00f6\u011frenciler.<\/p>\n<p class=\"p1 translation-block\"><span class=\"s1\">\u25cf<\/span><b>Pratik \u00d6\u011frenenler:<\/b> Do\u011fal, g\u00fcnl\u00fck ifadeleri \u00f6\u011frenmek isteyen ki\u015filer.<\/p>\n<p>**Ders saatlerinde \u0130stanbul yerel saati (GMT+3) esas al\u0131nmaktad\u0131r.<\/p>","protected":false},"excerpt":{"rendered":"<ul>\n<li class=\"p2\"><b>Ba\u015flang\u0131\u00e7 Tarihi: 13 Nisan 2026.<\/b><\/li>\n<li class=\"p2 translation-block\"><b>S\u00fcre: <\/b>2 ay aktif destek.<\/li>\n<li class=\"p2 translation-block\"><b>Yap\u0131: <\/b>Seviyeye \u00f6zg\u00fc grup etkile\u015fimi (A1-A2 veya B1-B2).<\/li>\n<li class=\"p2 translation-block\"><b>Zamanlama:<\/b> G\u00fcnl\u00fck i\u00e7erik (Pazartesi-Cuma) + Cumartesi S\u0131navlar\u0131.<\/li>\n<li class=\"p2 translation-block\"><b>Platform: <\/b>WhatsApp.<\/li>\n<li class=\"p2 translation-block\">Bonus: 1 ayl\u0131k abonelik sat\u0131n al\u0131n, 2. ay \u00fccretsiz!<\/li>\n<li class=\"p2 translation-block\"><b>Teklif:<\/b> Nakit \u00f6demelerde ek indirim.<\/li>\n<\/ul>","protected":false},"featured_media":23838,"comment_status":"closed","ping_status":"closed","template":"","meta":[],"product_brand":[],"product_cat":[74],"product_tag":[],"class_list":{"0":"post-23667","1":"product","2":"type-product","3":"status-publish","4":"has-post-thumbnail","6":"product_cat-whatsapp-support-packages","8":"first","9":"instock","10":"sale","11":"virtual","12":"taxable","13":"purchasable","14":"product-type-simple"},"_links":{"self":[{"href":"https:\/\/www.turkishwithipek.com\/tr\/wp-json\/wp\/v2\/product\/23667","targetHints":{"allow":["GET"]}}],"collection":[{"href":"https:\/\/www.turkishwithipek.com\/tr\/wp-json\/wp\/v2\/product"}],"about":[{"href":"https:\/\/www.turkishwithipek.com\/tr\/wp-json\/wp\/v2\/types\/product"}],"replies":[{"embeddable":true,"href":"https:\/\/www.turkishwithipek.com\/tr\/wp-json\/wp\/v2\/comments?post=23667"}],"version-history":[{"count":14,"href":"https:\/\/www.turkishwithipek.com\/tr\/wp-json\/wp\/v2\/product\/23667\/revisions"}],"predecessor-version":[{"id":24487,"href":"https:\/\/www.turkishwithipek.com\/tr\/wp-json\/wp\/v2\/product\/23667\/revisions\/24487"}],"wp:featuredmedia":[{"embeddable":true,"href":"https:\/\/www.turkishwithipek.com\/tr\/wp-json\/wp\/v2\/media\/23838"}],"wp:attachment":[{"href":"https:\/\/www.turkishwithipek.com\/tr\/wp-json\/wp\/v2\/media?parent=23667"}],"wp:term":[{"taxonomy":"product_brand","embeddable":true,"href":"https:\/\/www.turkishwithipek.com\/tr\/wp-json\/wp\/v2\/product_brand?post=23667"},{"taxonomy":"product_cat","embeddable":true,"href":"https:\/\/www.turkishwithipek.com\/tr\/wp-json\/wp\/v2\/product_cat?post=23667"},{"taxonomy":"product_tag","embeddable":true,"href":"https:\/\/www.turkishwithipek.com\/tr\/wp-json\/wp\/v2\/product_tag?post=23667"}],"curies":[{"name":"wp","href":"https:\/\/api.w.org\/{rel}","templated":true}]}}