{"id":23669,"date":"2025-12-23T19:38:13","date_gmt":"2025-12-23T19:38:13","guid":{"rendered":"https:\/\/www.turkishwithipek.com\/?post_type=product&#038;p=23669"},"modified":"2026-03-05T16:28:26","modified_gmt":"2026-03-05T13:28:26","slug":"individual-30-day-turkish-support-via-whatsap","status":"publish","type":"product","link":"https:\/\/www.turkishwithipek.com\/tr\/urun\/individual-30-day-turkish-support-via-whatsap\/","title":{"rendered":"WhatsApp \u00dczerinden Bireysel 30 G\u00fcnl\u00fck T\u00fcrk\u00e7e Deste\u011fi"},"content":{"rendered":"<p class=\"p1\"><b>Cebinizdeki Ki\u015fisel \u00d6\u011fretmen <\/b><\/p>\n<p class=\"p1\">Ba\u011f\u0131ms\u0131z olarak \u00e7al\u0131\u015f\u0131yorsunuz ama \u00e7al\u0131\u015fmalar\u0131n\u0131z\u0131 kontrol edecek bir uzmana m\u0131 ihtiyac\u0131n\u0131z var? 30 g\u00fcnl\u00fck bireysel destek hizmetimiz, \u00fcst d\u00fczey bir mentorluk hizmetidir. Yaz\u0131l\u0131 paragraflar\u0131n\u0131z\u0131 g\u00f6nderebilir, kafa kar\u0131\u015ft\u0131r\u0131c\u0131 ekler hakk\u0131nda soru sorabilir veya aksan\u0131n\u0131z\u0131 m\u00fckemmelle\u015ftirmek i\u00e7in sesli notlar g\u00f6nderebilirsiniz. Her hata i\u00e7in ayr\u0131nt\u0131l\u0131, ki\u015fiselle\u015ftirilmi\u015f geri bildirim ve a\u00e7\u0131klamalar sa\u011flayarak, tahmin y\u00fcr\u00fctmeden sa\u011flam bir temel olu\u015fturman\u0131z\u0131 sa\u011fl\u0131yorum.<\/p>\n<p class=\"p1\"><b>Bu kurs kimin i\u00e7in? <\/b><b><\/b><\/p>\n<p class=\"p1 translation-block\"><span class=\"s1\">\u25cf <\/span><b>Kendi Kendini D\u00fczeltenler: <\/b> Yaz\u0131m ve konu\u015fma becerilerinin anadili \u0130ngilizce olan biri taraf\u0131ndan d\u00fczeltilmesini isteyen \u00f6\u011frenciler.<\/p>\n<p class=\"p1 translation-block\"><span class=\"s1\">\u25cf <\/span><b>Kendi Kendini D\u00fczeltenler: <\/b> Yaz\u0131m ve konu\u015fma becerilerinin anadili \u0130ngilizce olan biri taraf\u0131ndan d\u00fczeltilmesini isteyen \u00f6\u011frenciler.<\/p>\n<p class=\"p1 translation-block\"><span class=\"s1\">\u25cf <\/span><b>\u00c7ekingen \u00d6\u011frenciler: <\/b>Y\u00fcz y\u00fcze oturumlar yerine bire bir dijital deste\u011fi tercih edenler.<\/p>\n<p>**Ders saatlerinde \u0130stanbul yerel saati (GMT+3) esas al\u0131nmaktad\u0131r.<\/p>","protected":false},"excerpt":{"rendered":"<ul>\n<li class=\"translation-block\"><b>S\u00fcre: <\/b>30 g\u00fcn bire bir destek.<\/li>\n<li class=\"p2 translation-block\"><b>Yap\u0131: <\/b>Bireysel Soru-Cevap ve D\u00fczeltme hizmeti.<\/li>\n<li class=\"p2 translation-block\"><b>\u0130\u00e7erik: <\/b>Paragraf d\u00fczeltmeleri, sesli geri bildirim, motivasyonel rehberlik.<\/li>\n<li class=\"p2 translation-block\"><b>Yan\u0131t: <\/b>Belirlenen saatler i\u00e7inde h\u0131zl\u0131 geri bildirim.<\/li>\n<li class=\"p2 translation-block\"><b>Seviye:<\/b> T\u00fcm seviyeler i\u00e7in uygundur (A1-C2).<\/li>\n<\/ul>\n<p class=\"translation-block\"><b>Not:<\/b><span style=\"font-weight: 400\"> Dilbilgisi dersleri verilmemektedir (bu hizmet destek ve al\u0131\u015ft\u0131rmaya odaklanm\u0131\u015ft\u0131r).<\/span><\/p>","protected":false},"featured_media":23839,"comment_status":"closed","ping_status":"closed","template":"","meta":[],"product_brand":[],"product_cat":[74],"product_tag":[],"class_list":{"0":"post-23669","1":"product","2":"type-product","3":"status-publish","4":"has-post-thumbnail","6":"product_cat-whatsapp-support-packages","8":"first","9":"instock","10":"sale","11":"virtual","12":"taxable","13":"purchasable","14":"product-type-simple"},"_links":{"self":[{"href":"https:\/\/www.turkishwithipek.com\/tr\/wp-json\/wp\/v2\/product\/23669","targetHints":{"allow":["GET"]}}],"collection":[{"href":"https:\/\/www.turkishwithipek.com\/tr\/wp-json\/wp\/v2\/product"}],"about":[{"href":"https:\/\/www.turkishwithipek.com\/tr\/wp-json\/wp\/v2\/types\/product"}],"replies":[{"embeddable":true,"href":"https:\/\/www.turkishwithipek.com\/tr\/wp-json\/wp\/v2\/comments?post=23669"}],"version-history":[{"count":7,"href":"https:\/\/www.turkishwithipek.com\/tr\/wp-json\/wp\/v2\/product\/23669\/revisions"}],"predecessor-version":[{"id":24443,"href":"https:\/\/www.turkishwithipek.com\/tr\/wp-json\/wp\/v2\/product\/23669\/revisions\/24443"}],"wp:featuredmedia":[{"embeddable":true,"href":"https:\/\/www.turkishwithipek.com\/tr\/wp-json\/wp\/v2\/media\/23839"}],"wp:attachment":[{"href":"https:\/\/www.turkishwithipek.com\/tr\/wp-json\/wp\/v2\/media?parent=23669"}],"wp:term":[{"taxonomy":"product_brand","embeddable":true,"href":"https:\/\/www.turkishwithipek.com\/tr\/wp-json\/wp\/v2\/product_brand?post=23669"},{"taxonomy":"product_cat","embeddable":true,"href":"https:\/\/www.turkishwithipek.com\/tr\/wp-json\/wp\/v2\/product_cat?post=23669"},{"taxonomy":"product_tag","embeddable":true,"href":"https:\/\/www.turkishwithipek.com\/tr\/wp-json\/wp\/v2\/product_tag?post=23669"}],"curies":[{"name":"wp","href":"https:\/\/api.w.org\/{rel}","templated":true}]}}