{"id":23675,"date":"2025-12-23T19:39:15","date_gmt":"2025-12-23T19:39:15","guid":{"rendered":"https:\/\/www.turkishwithipek.com\/?post_type=product&#038;p=23675"},"modified":"2026-03-25T23:26:20","modified_gmt":"2026-03-25T20:26:20","slug":"a2-1-level-group-lessons","status":"publish","type":"product","link":"https:\/\/www.turkishwithipek.com\/tr\/urun\/a2-1-level-group-lessons\/","title":{"rendered":"A2.1 Seviye Grup Dersleri"},"content":{"rendered":"<p class=\"p1\"><b>\u0130\u015fbirli\u011fine Dayal\u0131 \u00d6\u011frenme, Butik Kalite <\/b><\/p>\n<p class=\"p1 translation-block\">Sosyal bir ortamda ba\u015far\u0131l\u0131 oluyor musunuz? Grup derslerimiz, s\u0131n\u0131f ortam\u0131n\u0131n enerjisini \u00f6zel dersin samimiyetiyle birle\u015ftiriyor. Kimsenin geride kalmamas\u0131 i\u00e7in gruplar\u0131m\u0131z\u0131 <b>4-6 \u00f6\u011frenci<\/b> ile s\u0131n\u0131rl\u0131yoruz. <b>\u201cImmersion Metod\u201d<\/b> ile ilk g\u00fcnden itibaren ileti\u015fime odaklan\u0131yoruz. Bu 10 haftal\u0131k kurslarda, benzer d\u00fc\u015f\u00fcnen \u00f6\u011frencilerle birlikte pratik yapabilece\u011finiz, oynayabilece\u011finiz ve ilerleyebilece\u011finiz, yarg\u0131lamadan uzak bir ortam bulacaks\u0131n\u0131z.<\/p>\n<p class=\"p1\"><b>Bu kurs kimin i\u00e7in? <\/b><b><\/b><\/p>\n<p class=\"p1 translation-block\"><span class=\"s1\">\u25cf <\/span><b>Sosyal \u00d6\u011frenciler: <\/b>Etkile\u015fim ve akran tart\u0131\u015fmas\u0131 yoluyla daha iyi \u00f6\u011frenen ki\u015filer.<\/p>\n<p class=\"p1 translation-block\"><span class=\"s1\">\u25cf <\/span><b>Yap\u0131land\u0131r\u0131lm\u0131\u015f \u00d6\u011frenenler: <\/b>Takip edecekleri sabit, 10 haftal\u0131k bir m\u00fcfredat isteyenler.<\/p>\n<p class=\"p1 translation-block\"><span class=\"s1\">\u25cf <\/span><b>Motivasyonlu Ba\u015flang\u0131\u00e7 \u200b\u200bSeviyesindekiler: <\/b>Birlikte yolculuklar\u0131na ba\u015flayanlar i\u00e7in m\u00fckemmel.<\/p>\n<div class=\"elementor-column elementor-col-66 elementor-top-column elementor-element elementor-element-31ed682 sc_content_align_inherit sc_layouts_column_icons_position_left sc_fly_static trx_addons_parallax_layers_inited trx_addons_parallax_blocks_inited\" data-id=\"31ed682\" data-element_type=\"column\" data-e-type=\"column\">\n<div class=\"elementor-widget-wrap elementor-element-populated\">\n<div class=\"elementor-element elementor-element-d450740 sc_fly_static elementor-widget elementor-widget-wl-single-product-description trx_addons_parallax_layers_inited trx_addons_parallax_blocks_inited\" data-id=\"d450740\" data-element_type=\"widget\" data-e-type=\"widget\" data-widget_type=\"wl-single-product-description.default\">\n<div class=\"elementor-widget-container\">\n<div class=\"woocommerce_product_description\">\n<p>**Ders saatlerinde \u0130stanbul yerel saati (GMT+3) esas al\u0131nmaktad\u0131r.<\/p>\n<\/div>\n<\/div>\n<\/div>\n<\/div>\n<\/div>","protected":false},"excerpt":{"rendered":"<ul>\n<li class=\"p2\"><strong>Ba\u015flang\u0131. Tarihi: 27 Nisan 2026<\/strong>.<\/li>\n<li class=\"p2\"><strong>Biti\u015f Tarihi: 1 Temmuz 2026.<\/strong><\/li>\n<li class=\"translation-block\">Ders G\u00fcnleri: Pazartesi- \u00c7ar\u015famba<\/li>\n<li class=\"p2\"><strong>Ders Saatleri: 09.00- 11.50. ( TR Saatiyle)<\/strong><\/li>\n<li class=\"translation-block\"><b>S\u00fcre: <\/b>10 Hafta (Toplam 60 saat).<\/li>\n<li class=\"translation-block\"><b>Yap\u0131:<\/b> Butik Gruplar (4-6 ki\u015fi).<\/li>\n<li class=\"p2 translation-block\"><b>Ders Program\u0131:<\/b> Haftada 2 g\u00fcn, g\u00fcnde 3 ders (haftal\u0131k 6 seans).<\/li>\n<li class=\"p2 translation-block\"><b>Ders S\u00fcresi:<\/b> 50 dakika.<\/li>\n<li class=\"p2 translation-block\"><b>Platform: <\/b>HD Kalitesinde Zoom dersleri.<\/li>\n<li class=\"p2 translation-block\"><b>\u0130\u00e7erik:<\/b> \u00dccretsiz PDF ders kitaplar\u0131 ve etkile\u015fimli ara\u00e7lar.<\/li>\n<li class=\"p2 translation-block\"><b>Politika:<\/b> Ka\u00e7\u0131r\u0131lan dersler i\u00e7in para iadesi yap\u0131lmaz.<\/li>\n<\/ul>","protected":false},"featured_media":23827,"comment_status":"closed","ping_status":"closed","template":"","meta":[],"product_brand":[],"product_cat":[220],"product_tag":[],"class_list":{"0":"post-23675","1":"product","2":"type-product","3":"status-publish","4":"has-post-thumbnail","6":"product_cat-group-lessons","8":"first","9":"instock","10":"sale","11":"virtual","12":"taxable","13":"purchasable","14":"product-type-simple"},"_links":{"self":[{"href":"https:\/\/www.turkishwithipek.com\/tr\/wp-json\/wp\/v2\/product\/23675","targetHints":{"allow":["GET"]}}],"collection":[{"href":"https:\/\/www.turkishwithipek.com\/tr\/wp-json\/wp\/v2\/product"}],"about":[{"href":"https:\/\/www.turkishwithipek.com\/tr\/wp-json\/wp\/v2\/types\/product"}],"replies":[{"embeddable":true,"href":"https:\/\/www.turkishwithipek.com\/tr\/wp-json\/wp\/v2\/comments?post=23675"}],"version-history":[{"count":19,"href":"https:\/\/www.turkishwithipek.com\/tr\/wp-json\/wp\/v2\/product\/23675\/revisions"}],"predecessor-version":[{"id":24497,"href":"https:\/\/www.turkishwithipek.com\/tr\/wp-json\/wp\/v2\/product\/23675\/revisions\/24497"}],"wp:featuredmedia":[{"embeddable":true,"href":"https:\/\/www.turkishwithipek.com\/tr\/wp-json\/wp\/v2\/media\/23827"}],"wp:attachment":[{"href":"https:\/\/www.turkishwithipek.com\/tr\/wp-json\/wp\/v2\/media?parent=23675"}],"wp:term":[{"taxonomy":"product_brand","embeddable":true,"href":"https:\/\/www.turkishwithipek.com\/tr\/wp-json\/wp\/v2\/product_brand?post=23675"},{"taxonomy":"product_cat","embeddable":true,"href":"https:\/\/www.turkishwithipek.com\/tr\/wp-json\/wp\/v2\/product_cat?post=23675"},{"taxonomy":"product_tag","embeddable":true,"href":"https:\/\/www.turkishwithipek.com\/tr\/wp-json\/wp\/v2\/product_tag?post=23675"}],"curies":[{"name":"wp","href":"https:\/\/api.w.org\/{rel}","templated":true}]}}