{"id":23687,"date":"2025-12-23T19:44:44","date_gmt":"2025-12-23T19:44:44","guid":{"rendered":"https:\/\/www.turkishwithipek.com\/?post_type=product&#038;p=23687"},"modified":"2026-03-25T23:30:01","modified_gmt":"2026-03-25T20:30:01","slug":"a1-1-a1-2-bundle-two-levels-at-once","status":"publish","type":"product","link":"https:\/\/www.turkishwithipek.com\/tr\/urun\/a1-1-a1-2-bundle-two-levels-at-once\/","title":{"rendered":"A1.1 + A1.2 Paketi \u2013 \u0130ki Seviye Bir Arada!"},"content":{"rendered":"<p class=\"p1\"><b>S\u0131f\u0131rdan Ak\u0131c\u0131l\u0131\u011fa <\/b><\/p>\n<p class=\"p1\">Neden yar\u0131 yolda duras\u0131n\u0131z ki? \u00c7ift Seviyeli Paketlerimiz, ger\u00e7ekten kararl\u0131 olanlar i\u00e7in tasarlanm\u0131\u015ft\u0131r. 20 haftal\u0131k bir yolculu\u011fa kat\u0131larak, ayn\u0131 \u00f6\u011fretmen ve metodolojiyle seviyeler aras\u0131nda sorunsuz bir ge\u00e7i\u015f sa\u011flars\u0131n\u0131z. Bu, en uygun maliyetli yolumuzdur ve size 120 saatlik y\u00fcksek yo\u011funluklu e\u011fitim ve ger\u00e7ek dil \u00f6\u011frenimi i\u00e7in gereken istikrar\u0131 sunar.<\/p>\n<p class=\"p1\"><b>Bu kurs kimin i\u00e7in? <\/b><b><\/b><\/p>\n<p class=\"p1 translation-block\"><span class=\"s1\">\u25cf <\/span><b>Kararl\u0131 \u00d6\u011frenciler: <\/b>Bir seviyeyi tek seferde tamamlamak isteyenler.<\/p>\n<p class=\"p1 translation-block\"><span class=\"s1\">\u25cf <\/span><b>De\u011fer Arayanlar: <\/b> Saat ba\u015f\u0131na en iyi fiyat\u0131 ve maksimum bonusu arayan \u00f6\u011frenciler.<\/p>\n<p class=\"p1 translation-block\"><span class=\"s1\">\u25cf <\/span><b>Akademik Haz\u0131rl\u0131k: <\/b> T\u00fcrkiye'de \u00fcniversiteye giri\u015f hedefleyenler i\u00e7in idealdir.<\/p>\n<p>**Ders saatlerinde \u0130stanbul yerel saati (GMT+3) esas al\u0131nmaktad\u0131r.<\/p>","protected":false},"excerpt":{"rendered":"<ul>\n<li class=\"translation-block\">Ba\u015flang\u0131\u00e7 Tarihi:  28 Nisan 2026.<\/li>\n<li><strong>Biti\u015f Tarihi: 24 Eyl\u00fcl 2026.<\/strong><\/li>\n<li><strong>Ders G\u00fcnleri: Sal\u0131- Per\u015fembe.<\/strong><\/li>\n<li><strong>Ders Saatleri: 19.00- 21.50. ( TR Saatiyle)<\/strong><\/li>\n<li class=\"p1 translation-block\"><b>Toplam S\u00fcre: <\/b>20 Hafta (toplam 120 Saat).<\/li>\n<li class=\"p1 translation-block\"><b>Yap\u0131: <\/b>S\u00fcrekli Butik Grup E\u011fitimi.<\/li>\n<li class=\"p1 translation-block\"><b>Bonus: <\/b>Konu\u015fma Kul\u00fcb\u00fcne \u00dcCRETS\u0130Z \u00dcyelik dahildir!<\/li>\n<li class=\"p1 translation-block\"><b>Materyaller: <\/b>T\u00fcm PDF kitaplar\u0131 ve dijital kaynaklar dahildir.<\/li>\n<li class=\"p1 translation-block\"><b>Teklifler: <\/b>En iyi fiyat + Nakit \u00f6demeler i\u00e7in ekstra indirim!<\/li>\n<\/ul>","protected":false},"featured_media":23834,"comment_status":"closed","ping_status":"closed","template":"","meta":[],"product_brand":[],"product_cat":[221],"product_tag":[],"class_list":{"0":"post-23687","1":"product","2":"type-product","3":"status-publish","4":"has-post-thumbnail","6":"product_cat-double-level-bundles","8":"first","9":"instock","10":"sale","11":"virtual","12":"taxable","13":"purchasable","14":"product-type-simple"},"_links":{"self":[{"href":"https:\/\/www.turkishwithipek.com\/tr\/wp-json\/wp\/v2\/product\/23687","targetHints":{"allow":["GET"]}}],"collection":[{"href":"https:\/\/www.turkishwithipek.com\/tr\/wp-json\/wp\/v2\/product"}],"about":[{"href":"https:\/\/www.turkishwithipek.com\/tr\/wp-json\/wp\/v2\/types\/product"}],"replies":[{"embeddable":true,"href":"https:\/\/www.turkishwithipek.com\/tr\/wp-json\/wp\/v2\/comments?post=23687"}],"version-history":[{"count":10,"href":"https:\/\/www.turkishwithipek.com\/tr\/wp-json\/wp\/v2\/product\/23687\/revisions"}],"predecessor-version":[{"id":24502,"href":"https:\/\/www.turkishwithipek.com\/tr\/wp-json\/wp\/v2\/product\/23687\/revisions\/24502"}],"wp:featuredmedia":[{"embeddable":true,"href":"https:\/\/www.turkishwithipek.com\/tr\/wp-json\/wp\/v2\/media\/23834"}],"wp:attachment":[{"href":"https:\/\/www.turkishwithipek.com\/tr\/wp-json\/wp\/v2\/media?parent=23687"}],"wp:term":[{"taxonomy":"product_brand","embeddable":true,"href":"https:\/\/www.turkishwithipek.com\/tr\/wp-json\/wp\/v2\/product_brand?post=23687"},{"taxonomy":"product_cat","embeddable":true,"href":"https:\/\/www.turkishwithipek.com\/tr\/wp-json\/wp\/v2\/product_cat?post=23687"},{"taxonomy":"product_tag","embeddable":true,"href":"https:\/\/www.turkishwithipek.com\/tr\/wp-json\/wp\/v2\/product_tag?post=23687"}],"curies":[{"name":"wp","href":"https:\/\/api.w.org\/{rel}","templated":true}]}}