{"id":23711,"date":"2025-12-23T19:58:49","date_gmt":"2025-12-23T19:58:49","guid":{"rendered":"https:\/\/www.turkishwithipek.com\/?post_type=product&#038;p=23711"},"modified":"2026-03-25T22:59:42","modified_gmt":"2026-03-25T19:59:42","slug":"a1-turkish-speaking-club","status":"publish","type":"product","link":"https:\/\/www.turkishwithipek.com\/tr\/urun\/a1-turkish-speaking-club\/","title":{"rendered":"A1 T\u00fcrk\u00e7e Konu\u015fma Kul\u00fcb\u00fc (1 Ay Abonelik + 1 Ay \u00dccretsiz)"},"content":{"rendered":"<p class=\"p1\"><b>Sessizli\u011fi Bozun: \u00c7al\u0131\u015fmay\u0131 B\u0131rak\u0131n, Konu\u015fmaya Ba\u015flay\u0131n <\/b><\/p>\n<p class=\"p1\">\u00d6\u011frencilerin en s\u0131k kar\u015f\u0131la\u015ft\u0131\u011f\u0131 sorun \u015fudur: \u201cAnl\u0131yorum ama konu\u015fam\u0131yorum.\u201d Konu\u015fma Kul\u00fcplerimiz bu sorunun \u00e7\u00f6z\u00fcm\u00fcd\u00fcr. Bunlar ders de\u011fil; ileti\u015fim odakl\u0131 sosyal oturumlard\u0131r. Rahat ve destekleyici bir ortamda, d\u00fc\u015f\u00fcnme s\u00fcrenizi azaltmak ve T\u00fcrk\u00e7eyi do\u011fal bir \u015fekilde konu\u015fmaya ba\u015flamak i\u00e7in \u201cImmersion Metodu\u201d kullanacaks\u0131n\u0131z. K\u00fclt\u00fcr, g\u00fcnl\u00fck ya\u015fam ve ger\u00e7ek senaryolar hakk\u0131nda konu\u015farak pasif bilginizi aktif ak\u0131c\u0131l\u0131\u011fa d\u00f6n\u00fc\u015ft\u00fcr\u00fcyoruz.<\/p>\n<p class=\"p1\"><b>Bu kurs kimin i\u00e7in? <\/b><b><\/b><\/p>\n<p class=\"p1 translation-block\"><span class=\"s1\">\u25cf <\/span><b>\u201cDonakalm\u0131\u015f\u201d Konu\u015fmac\u0131: <\/b>Konu\u015fma zaman\u0131 geldi\u011finde tak\u0131l\u0131p kalan \u00f6\u011frenciler.<\/p>\n<p class=\"p1 translation-block\"><span class=\"s1\">\u25cf <\/span><b>K\u00fclt\u00fcr Merakl\u0131lar\u0131: <\/b>Deyimleri ve do\u011fal ifadeleri \u00f6\u011frenmek isteyenler.<\/p>\n<p class=\"p1 translation-block\"><span class=\"s1\">\u25cf <\/span><b>Aktif \u00d6\u011frenenler: <\/b>Daha fazla dil bilgisi al\u0131\u015ft\u0131rmas\u0131 yapmadan pratik yapmak isteyenler.<\/p>\n<p>**Ders saatlerinde \u0130stanbul yerel saati (GMT+3) esas al\u0131nmaktad\u0131r.<\/p>","protected":false},"excerpt":{"rendered":"<ul>\n<li class=\"p2\"><b>Ba\u015flang\u0131\u00e7 Tarihi: 24 Nisan 2026. <\/b><\/li>\n<li class=\"p2\"><b>Biti\u015f Tarihi: 12 Haziran 2026.<\/b><\/li>\n<li class=\"p2\"><b>Ders G\u00fcn\u00fc: Cuma<\/b><\/li>\n<li class=\"p2\"><b>Ders Saati: 20.00- 20.50. ( TR Saatiyle)<\/b><\/li>\n<li class=\"p2 translation-block\"><b>S\u00fcre: <\/b>2 Ay (Toplam 8 Seans).<\/li>\n<li class=\"p2 translation-block\"><b>Yap\u0131: <\/b>K\u00fc\u00e7\u00fck Sosyal Gruplar (En fazla 8 ki\u015fi).<\/li>\n<li class=\"p2\"><b>Metod: <\/b>100% Immersion &amp; \u0130leti\u015fim<\/li>\n<li class=\"p2 translation-block\"><b>Teklifler:<\/b> T\u00fcm kul\u00fcp \u00fcyeliklerinde indirim + Nakit \u00f6demelerde ekstra indirim!<\/li>\n<\/ul>","protected":false},"featured_media":23831,"comment_status":"closed","ping_status":"closed","template":"","meta":[],"product_brand":[],"product_cat":[222],"product_tag":[],"class_list":{"0":"post-23711","1":"product","2":"type-product","3":"status-publish","4":"has-post-thumbnail","6":"product_cat-speaking-clubs","8":"first","9":"instock","10":"sale","11":"virtual","12":"taxable","13":"purchasable","14":"product-type-simple"},"_links":{"self":[{"href":"https:\/\/www.turkishwithipek.com\/tr\/wp-json\/wp\/v2\/product\/23711","targetHints":{"allow":["GET"]}}],"collection":[{"href":"https:\/\/www.turkishwithipek.com\/tr\/wp-json\/wp\/v2\/product"}],"about":[{"href":"https:\/\/www.turkishwithipek.com\/tr\/wp-json\/wp\/v2\/types\/product"}],"replies":[{"embeddable":true,"href":"https:\/\/www.turkishwithipek.com\/tr\/wp-json\/wp\/v2\/comments?post=23711"}],"version-history":[{"count":14,"href":"https:\/\/www.turkishwithipek.com\/tr\/wp-json\/wp\/v2\/product\/23711\/revisions"}],"predecessor-version":[{"id":24512,"href":"https:\/\/www.turkishwithipek.com\/tr\/wp-json\/wp\/v2\/product\/23711\/revisions\/24512"}],"wp:featuredmedia":[{"embeddable":true,"href":"https:\/\/www.turkishwithipek.com\/tr\/wp-json\/wp\/v2\/media\/23831"}],"wp:attachment":[{"href":"https:\/\/www.turkishwithipek.com\/tr\/wp-json\/wp\/v2\/media?parent=23711"}],"wp:term":[{"taxonomy":"product_brand","embeddable":true,"href":"https:\/\/www.turkishwithipek.com\/tr\/wp-json\/wp\/v2\/product_brand?post=23711"},{"taxonomy":"product_cat","embeddable":true,"href":"https:\/\/www.turkishwithipek.com\/tr\/wp-json\/wp\/v2\/product_cat?post=23711"},{"taxonomy":"product_tag","embeddable":true,"href":"https:\/\/www.turkishwithipek.com\/tr\/wp-json\/wp\/v2\/product_tag?post=23711"}],"curies":[{"name":"wp","href":"https:\/\/api.w.org\/{rel}","templated":true}]}}